{"id":1059,"date":"2019-07-08T10:18:35","date_gmt":"2019-07-08T14:18:35","guid":{"rendered":"https:\/\/lacpemichangan.flywheelsites.com\/about-us\/"},"modified":"2024-02-09T15:16:59","modified_gmt":"2024-02-09T20:16:59","slug":"a-propos","status":"publish","type":"page","link":"https:\/\/pemichangan.org\/fr\/a-propos\/","title":{"rendered":"\u00c0 propos"},"content":{"rendered":"\t\t<div data-elementor-type=\"wp-post\" data-elementor-id=\"1059\" class=\"elementor elementor-1059 elementor-23\" data-elementor-post-type=\"page\">\n\t\t\t\t\t\t<section class=\"elementor-section elementor-top-section elementor-element elementor-element-b6f687e elementor-section-stretched elementor-section-full_width elementor-section-height-min-height elementor-section-height-default elementor-section-items-middle\" data-id=\"b6f687e\" data-element_type=\"section\" data-e-type=\"section\" data-settings=\"{&quot;stretch_section&quot;:&quot;section-stretched&quot;,&quot;jet_parallax_layout_list&quot;:[{&quot;jet_parallax_layout_image&quot;:{&quot;url&quot;:&quot;&quot;,&quot;id&quot;:&quot;&quot;,&quot;size&quot;:&quot;&quot;},&quot;_id&quot;:&quot;e458a0a&quot;,&quot;jet_parallax_layout_image_tablet&quot;:{&quot;url&quot;:&quot;&quot;,&quot;id&quot;:&quot;&quot;,&quot;size&quot;:&quot;&quot;},&quot;jet_parallax_layout_image_mobile&quot;:{&quot;url&quot;:&quot;&quot;,&quot;id&quot;:&quot;&quot;,&quot;size&quot;:&quot;&quot;},&quot;jet_parallax_layout_speed&quot;:{&quot;unit&quot;:&quot;%&quot;,&quot;size&quot;:50,&quot;sizes&quot;:[]},&quot;jet_parallax_layout_type&quot;:&quot;scroll&quot;,&quot;jet_parallax_layout_direction&quot;:&quot;1&quot;,&quot;jet_parallax_layout_fx_direction&quot;:null,&quot;jet_parallax_layout_z_index&quot;:&quot;&quot;,&quot;jet_parallax_layout_bg_x&quot;:50,&quot;jet_parallax_layout_bg_x_tablet&quot;:&quot;&quot;,&quot;jet_parallax_layout_bg_x_mobile&quot;:&quot;&quot;,&quot;jet_parallax_layout_bg_y&quot;:50,&quot;jet_parallax_layout_bg_y_tablet&quot;:&quot;&quot;,&quot;jet_parallax_layout_bg_y_mobile&quot;:&quot;&quot;,&quot;jet_parallax_layout_bg_size&quot;:&quot;auto&quot;,&quot;jet_parallax_layout_bg_size_tablet&quot;:&quot;&quot;,&quot;jet_parallax_layout_bg_size_mobile&quot;:&quot;&quot;,&quot;jet_parallax_layout_animation_prop&quot;:&quot;transform&quot;,&quot;jet_parallax_layout_on&quot;:[&quot;desktop&quot;,&quot;tablet&quot;]}],&quot;background_background&quot;:&quot;classic&quot;}\">\n\t\t\t\t\t\t<div class=\"elementor-container elementor-column-gap-default\">\n\t\t\t\t\t<div class=\"elementor-column elementor-col-100 elementor-top-column elementor-element elementor-element-2faa5600\" data-id=\"2faa5600\" data-element_type=\"column\" data-e-type=\"column\">\n\t\t\t<div class=\"elementor-widget-wrap elementor-element-populated\">\n\t\t\t\t\t\t<div class=\"elementor-element elementor-element-fe7de01 elementor-widget elementor-widget-text-editor\" data-id=\"fe7de01\" data-element_type=\"widget\" data-e-type=\"widget\" data-widget_type=\"text-editor.default\">\n\t\t\t\t<div class=\"elementor-widget-container\">\n\t\t\t\t\t\t\t\t\t<h1>\u00c0 propos<\/h1>\t\t\t\t\t\t\t\t<\/div>\n\t\t\t\t<\/div>\n\t\t\t\t<div class=\"elementor-element elementor-element-7bc4ccd9 elementor-widget elementor-widget-html\" data-id=\"7bc4ccd9\" data-element_type=\"widget\" data-e-type=\"widget\" data-widget_type=\"html.default\">\n\t\t\t\t<div class=\"elementor-widget-container\">\n\t\t\t\t\t<div class=\"img-entre-lignes-banner\">\r\n<hr>\r\n<img decoding=\"async\" src=\"\/wp-content\/uploads\/2019\/07\/icon-area.png\">\r\n<hr>\r\n<\/div>\t\t\t\t<\/div>\n\t\t\t\t<\/div>\n\t\t\t\t\t<\/div>\n\t\t<\/div>\n\t\t\t\t\t<\/div>\n\t\t<\/section>\n\t\t\t\t<section class=\"elementor-section elementor-top-section elementor-element elementor-element-37f5de78 elementor-section-stretched elementor-section-boxed elementor-section-height-default elementor-section-height-default\" data-id=\"37f5de78\" data-element_type=\"section\" data-e-type=\"section\" data-settings=\"{&quot;stretch_section&quot;:&quot;section-stretched&quot;,&quot;jet_parallax_layout_list&quot;:[{&quot;jet_parallax_layout_image&quot;:{&quot;url&quot;:&quot;&quot;,&quot;id&quot;:&quot;&quot;,&quot;size&quot;:&quot;&quot;},&quot;_id&quot;:&quot;942c4ae&quot;,&quot;jet_parallax_layout_image_tablet&quot;:{&quot;url&quot;:&quot;&quot;,&quot;id&quot;:&quot;&quot;,&quot;size&quot;:&quot;&quot;},&quot;jet_parallax_layout_image_mobile&quot;:{&quot;url&quot;:&quot;&quot;,&quot;id&quot;:&quot;&quot;,&quot;size&quot;:&quot;&quot;},&quot;jet_parallax_layout_speed&quot;:{&quot;unit&quot;:&quot;%&quot;,&quot;size&quot;:50,&quot;sizes&quot;:[]},&quot;jet_parallax_layout_type&quot;:&quot;scroll&quot;,&quot;jet_parallax_layout_direction&quot;:&quot;1&quot;,&quot;jet_parallax_layout_fx_direction&quot;:null,&quot;jet_parallax_layout_z_index&quot;:&quot;&quot;,&quot;jet_parallax_layout_bg_x&quot;:50,&quot;jet_parallax_layout_bg_x_tablet&quot;:&quot;&quot;,&quot;jet_parallax_layout_bg_x_mobile&quot;:&quot;&quot;,&quot;jet_parallax_layout_bg_y&quot;:50,&quot;jet_parallax_layout_bg_y_tablet&quot;:&quot;&quot;,&quot;jet_parallax_layout_bg_y_mobile&quot;:&quot;&quot;,&quot;jet_parallax_layout_bg_size&quot;:&quot;auto&quot;,&quot;jet_parallax_layout_bg_size_tablet&quot;:&quot;&quot;,&quot;jet_parallax_layout_bg_size_mobile&quot;:&quot;&quot;,&quot;jet_parallax_layout_animation_prop&quot;:&quot;transform&quot;,&quot;jet_parallax_layout_on&quot;:[&quot;desktop&quot;,&quot;tablet&quot;]}],&quot;background_background&quot;:&quot;classic&quot;}\">\n\t\t\t\t\t\t<div class=\"elementor-container elementor-column-gap-default\">\n\t\t\t\t\t<div class=\"elementor-column elementor-col-100 elementor-top-column elementor-element elementor-element-5ca89d4b\" data-id=\"5ca89d4b\" data-element_type=\"column\" data-e-type=\"column\">\n\t\t\t<div class=\"elementor-widget-wrap elementor-element-populated\">\n\t\t\t\t\t\t<div class=\"elementor-element elementor-element-20bac4fe margin-bt elementor-widget elementor-widget-image\" data-id=\"20bac4fe\" data-element_type=\"widget\" data-e-type=\"widget\" data-widget_type=\"image.default\">\n\t\t\t\t<div class=\"elementor-widget-container\">\n\t\t\t\t\t\t\t\t\t\t\t\t\t\t\t<img decoding=\"async\" width=\"452\" height=\"75\" src=\"https:\/\/pemichangan.org\/wp-content\/uploads\/2019\/07\/logo-about-us.png\" class=\"attachment-full size-full wp-image-998\" alt=\"\" srcset=\"https:\/\/pemichangan.org\/wp-content\/uploads\/2019\/07\/logo-about-us.png 452w, https:\/\/pemichangan.org\/wp-content\/uploads\/2019\/07\/logo-about-us-300x50.png 300w\" sizes=\"(max-width: 452px) 100vw, 452px\" \/>\t\t\t\t\t\t\t\t\t\t\t\t\t\t\t<\/div>\n\t\t\t\t<\/div>\n\t\t\t\t<div class=\"elementor-element elementor-element-418c813f elementor-widget elementor-widget-text-editor\" data-id=\"418c813f\" data-element_type=\"widget\" data-e-type=\"widget\" data-widget_type=\"text-editor.default\">\n\t\t\t\t<div class=\"elementor-widget-container\">\n\t\t\t\t\t\t\t\t\t<strong>G\u00e9rer et prot\u00e9ger le lac et son bassin versant.<\/strong>\t\t\t\t\t\t\t\t<\/div>\n\t\t\t\t<\/div>\n\t\t\t\t<div class=\"elementor-element elementor-element-d7e04f5 width-txt-about-us elementor-widget elementor-widget-text-editor\" data-id=\"d7e04f5\" data-element_type=\"widget\" data-e-type=\"widget\" data-widget_type=\"text-editor.default\">\n\t\t\t\t<div class=\"elementor-widget-container\">\n\t\t\t\t\t\t\t\t\tLes Amis du lac Pemichangan (ALP) est une association sans but lucratif dirig\u00e9 par un conseil d\u2019administration b\u00e9n\u00e9vole. Elle met de l\u2019avant des pratiques exemplaires et des actions durables \u00e0 l\u2019intention de tous les utilisateurs du lac Pemichangan et de son bassin versant.  L\u2019ALP existe gr\u00e2ce aux dons de ses membres. \t\t\t\t\t\t\t\t<\/div>\n\t\t\t\t<\/div>\n\t\t\t\t<div class=\"elementor-element elementor-element-24102d1a elementor-widget elementor-widget-html\" data-id=\"24102d1a\" data-element_type=\"widget\" data-e-type=\"widget\" data-widget_type=\"html.default\">\n\t\t\t\t<div class=\"elementor-widget-container\">\n\t\t\t\t\t<div class=\"flex-info-ft justify\">\n<div>\n<img decoding=\"async\" class=\"img-1\" src=\"\/wp-content\/uploads\/2019\/07\/email-icon-.png\"\/> \n<a href=\"mailto:info@pemichangan.org\">info@pemichangan.org<\/a>\n<\/div>\n<\/div>\t\t\t\t<\/div>\n\t\t\t\t<\/div>\n\t\t\t\t<div class=\"elementor-element elementor-element-63a7b43c elementor-widget elementor-widget-html\" data-id=\"63a7b43c\" data-element_type=\"widget\" data-e-type=\"widget\" data-widget_type=\"html.default\">\n\t\t\t\t<div class=\"elementor-widget-container\">\n\t\t\t\t\t<div class=\"flex-info-ft justify\">\n<div><img decoding=\"async\" class=\"img-2\" src=\"\/wp-content\/uploads\/2019\/07\/fb-icon.png\"\/><a href=\"https:\/\/www.facebook.com\/lac.pemichangan\/\" target=\"_blank\">Amis du Lac Pemichangan<\/a>\n<\/div>\n<\/div>\t\t\t\t<\/div>\n\t\t\t\t<\/div>\n\t\t\t\t<div class=\"elementor-element elementor-element-1d261c2f elementor-widget elementor-widget-html\" data-id=\"1d261c2f\" data-element_type=\"widget\" data-e-type=\"widget\" data-widget_type=\"html.default\">\n\t\t\t\t<div class=\"elementor-widget-container\">\n\t\t\t\t\t<div class=\"feuille-entre-lignes poisson about-us\">\r\n<hr>\r\n<img decoding=\"async\" src=\"\/wp-content\/uploads\/2019\/07\/icon-cta-about-us.png\">\r\n<hr>\r\n<\/div>\t\t\t\t<\/div>\n\t\t\t\t<\/div>\n\t\t\t\t\t<\/div>\n\t\t<\/div>\n\t\t\t\t\t<\/div>\n\t\t<\/section>\n\t\t\t\t<section class=\"elementor-section elementor-top-section elementor-element elementor-element-5de486f2 elementor-section-stretched elementor-section-height-min-height elementor-section-boxed elementor-section-height-default elementor-section-items-middle\" data-id=\"5de486f2\" data-element_type=\"section\" data-e-type=\"section\" data-settings=\"{&quot;stretch_section&quot;:&quot;section-stretched&quot;,&quot;jet_parallax_layout_list&quot;:[{&quot;jet_parallax_layout_image&quot;:{&quot;url&quot;:&quot;&quot;,&quot;id&quot;:&quot;&quot;,&quot;size&quot;:&quot;&quot;},&quot;_id&quot;:&quot;7d74af3&quot;,&quot;jet_parallax_layout_image_tablet&quot;:{&quot;url&quot;:&quot;&quot;,&quot;id&quot;:&quot;&quot;,&quot;size&quot;:&quot;&quot;},&quot;jet_parallax_layout_image_mobile&quot;:{&quot;url&quot;:&quot;&quot;,&quot;id&quot;:&quot;&quot;,&quot;size&quot;:&quot;&quot;},&quot;jet_parallax_layout_speed&quot;:{&quot;unit&quot;:&quot;%&quot;,&quot;size&quot;:50,&quot;sizes&quot;:[]},&quot;jet_parallax_layout_type&quot;:&quot;scroll&quot;,&quot;jet_parallax_layout_direction&quot;:&quot;1&quot;,&quot;jet_parallax_layout_fx_direction&quot;:null,&quot;jet_parallax_layout_z_index&quot;:&quot;&quot;,&quot;jet_parallax_layout_bg_x&quot;:50,&quot;jet_parallax_layout_bg_x_tablet&quot;:&quot;&quot;,&quot;jet_parallax_layout_bg_x_mobile&quot;:&quot;&quot;,&quot;jet_parallax_layout_bg_y&quot;:50,&quot;jet_parallax_layout_bg_y_tablet&quot;:&quot;&quot;,&quot;jet_parallax_layout_bg_y_mobile&quot;:&quot;&quot;,&quot;jet_parallax_layout_bg_size&quot;:&quot;auto&quot;,&quot;jet_parallax_layout_bg_size_tablet&quot;:&quot;&quot;,&quot;jet_parallax_layout_bg_size_mobile&quot;:&quot;&quot;,&quot;jet_parallax_layout_animation_prop&quot;:&quot;transform&quot;,&quot;jet_parallax_layout_on&quot;:[&quot;desktop&quot;,&quot;tablet&quot;]}],&quot;background_background&quot;:&quot;classic&quot;}\">\n\t\t\t\t\t\t<div class=\"elementor-container elementor-column-gap-default\">\n\t\t\t\t\t<div class=\"elementor-column elementor-col-100 elementor-top-column elementor-element elementor-element-8135336\" data-id=\"8135336\" data-element_type=\"column\" data-e-type=\"column\" data-settings=\"{&quot;background_background&quot;:&quot;classic&quot;}\">\n\t\t\t<div class=\"elementor-widget-wrap elementor-element-populated\">\n\t\t\t\t\t\t<div class=\"elementor-element elementor-element-7a460734 elementor-widget elementor-widget-text-editor\" data-id=\"7a460734\" data-element_type=\"widget\" data-e-type=\"widget\" data-widget_type=\"text-editor.default\">\n\t\t\t\t<div class=\"elementor-widget-container\">\n\t\t\t\t\t\t\t\t\t<h2>Faites partie des amis du Pemichangan!<\/h2>\t\t\t\t\t\t\t\t<\/div>\n\t\t\t\t<\/div>\n\t\t\t\t<div class=\"elementor-element elementor-element-3175dc15 elementor-widget elementor-widget-image\" data-id=\"3175dc15\" data-element_type=\"widget\" data-e-type=\"widget\" data-widget_type=\"image.default\">\n\t\t\t\t<div class=\"elementor-widget-container\">\n\t\t\t\t\t\t\t\t\t\t\t\t\t\t\t<img decoding=\"async\" src=\"https:\/\/pemichangan.org\/wp-content\/uploads\/elementor\/thumbs\/cta-member-pyrz7m5pd8khu40huqtjuc0x8ku0ioi1yr8vbqh568.png\" title=\"cta-member\" alt=\"cta-member\" loading=\"lazy\" \/>\t\t\t\t\t\t\t\t\t\t\t\t\t\t\t<\/div>\n\t\t\t\t<\/div>\n\t\t\t\t<div class=\"elementor-element elementor-element-3f574ddd elementor-align-center elementor-widget elementor-widget-button\" data-id=\"3f574ddd\" data-element_type=\"widget\" data-e-type=\"widget\" data-widget_type=\"button.default\">\n\t\t\t\t<div class=\"elementor-widget-container\">\n\t\t\t\t\t\t\t\t\t<div class=\"elementor-button-wrapper\">\n\t\t\t\t\t<a class=\"elementor-button elementor-button-link elementor-size-sm\" href=\"\/fr\/adhesion\/\">\n\t\t\t\t\t\t<span class=\"elementor-button-content-wrapper\">\n\t\t\t\t\t\t\t\t\t<span class=\"elementor-button-text\">Devenir membre ou renouveler<\/span>\n\t\t\t\t\t<\/span>\n\t\t\t\t\t<\/a>\n\t\t\t\t<\/div>\n\t\t\t\t\t\t\t\t<\/div>\n\t\t\t\t<\/div>\n\t\t\t\t\t<\/div>\n\t\t<\/div>\n\t\t\t\t\t<\/div>\n\t\t<\/section>\n\t\t\t\t<\/div>\n\t\t","protected":false},"excerpt":{"rendered":"<p>\u00c0 propos G\u00e9rer et prot\u00e9ger le lac et son bassin versant.Les Amis du lac Pemichangan (ALP) est une association sans but lucratif dirig\u00e9 par un conseil d\u2019administration b\u00e9n\u00e9vole. Elle met de l\u2019avant des pratiques exemplaires et des actions durables \u00e0 l\u2019intention de tous les utilisateurs du lac Pemichangan et de son bassin versant. L\u2019ALP existe [&hellip;]<\/p>\n","protected":false},"author":1,"featured_media":0,"parent":0,"menu_order":0,"comment_status":"closed","ping_status":"closed","template":"","meta":{"_acf_changed":false,"footnotes":""},"class_list":["post-1059","page","type-page","status-publish","hentry"],"acf":[],"yoast_head":"<!-- This site is optimized with the Yoast SEO Premium plugin v26.8 (Yoast SEO v27.2) - https:\/\/yoast.com\/product\/yoast-seo-premium-wordpress\/ -->\n<title>\u00c0 propos | Lac Pemichangan<\/title>\n<meta name=\"robots\" content=\"index, follow, max-snippet:-1, max-image-preview:large, max-video-preview:-1\" \/>\n<link rel=\"canonical\" href=\"https:\/\/pemichangan.org\/fr\/a-propos\/\" \/>\n<meta property=\"og:locale\" content=\"fr_FR\" \/>\n<meta property=\"og:type\" content=\"article\" \/>\n<meta property=\"og:title\" content=\"\u00c0 propos\" \/>\n<meta property=\"og:description\" content=\"\u00c0 propos G\u00e9rer et prot\u00e9ger le lac et son bassin versant.Les Amis du lac Pemichangan (ALP) est une association sans but lucratif dirig\u00e9 par un conseil d\u2019administration b\u00e9n\u00e9vole. Elle met de l\u2019avant des pratiques exemplaires et des actions durables \u00e0 l\u2019intention de tous les utilisateurs du lac Pemichangan et de son bassin versant. L\u2019ALP existe [&hellip;]\" \/>\n<meta property=\"og:url\" content=\"https:\/\/pemichangan.org\/fr\/a-propos\/\" \/>\n<meta property=\"og:site_name\" content=\"Lac Pemichangan\" \/>\n<meta property=\"article:publisher\" content=\"https:\/\/www.facebook.com\/lac.pemichangan\/\" \/>\n<meta property=\"article:modified_time\" content=\"2024-02-09T20:16:59+00:00\" \/>\n<meta property=\"og:image\" content=\"https:\/\/pemichangan.org\/wp-content\/uploads\/2019\/07\/logo-about-us.png\" \/>\n<meta name=\"twitter:card\" content=\"summary_large_image\" \/>\n<meta name=\"twitter:label1\" content=\"Dur\u00e9e de lecture estim\u00e9e\" \/>\n\t<meta name=\"twitter:data1\" content=\"2 minutes\" \/>\n<script type=\"application\/ld+json\" class=\"yoast-schema-graph\">{\"@context\":\"https:\/\/schema.org\",\"@graph\":[{\"@type\":\"WebPage\",\"@id\":\"https:\/\/pemichangan.org\/fr\/a-propos\/\",\"url\":\"https:\/\/pemichangan.org\/fr\/a-propos\/\",\"name\":\"\u00c0 propos | Lac Pemichangan\",\"isPartOf\":{\"@id\":\"https:\/\/pemichangan.org\/fr\/#website\"},\"primaryImageOfPage\":{\"@id\":\"https:\/\/pemichangan.org\/fr\/a-propos\/#primaryimage\"},\"image\":{\"@id\":\"https:\/\/pemichangan.org\/fr\/a-propos\/#primaryimage\"},\"thumbnailUrl\":\"https:\/\/pemichangan.org\/wp-content\/uploads\/2019\/07\/logo-about-us.png\",\"datePublished\":\"2019-07-08T14:18:35+00:00\",\"dateModified\":\"2024-02-09T20:16:59+00:00\",\"breadcrumb\":{\"@id\":\"https:\/\/pemichangan.org\/fr\/a-propos\/#breadcrumb\"},\"inLanguage\":\"fr-FR\",\"potentialAction\":[{\"@type\":\"ReadAction\",\"target\":[\"https:\/\/pemichangan.org\/fr\/a-propos\/\"]}]},{\"@type\":\"ImageObject\",\"inLanguage\":\"fr-FR\",\"@id\":\"https:\/\/pemichangan.org\/fr\/a-propos\/#primaryimage\",\"url\":\"https:\/\/pemichangan.org\/wp-content\/uploads\/2019\/07\/logo-about-us.png\",\"contentUrl\":\"https:\/\/pemichangan.org\/wp-content\/uploads\/2019\/07\/logo-about-us.png\"},{\"@type\":\"BreadcrumbList\",\"@id\":\"https:\/\/pemichangan.org\/fr\/a-propos\/#breadcrumb\",\"itemListElement\":[{\"@type\":\"ListItem\",\"position\":1,\"name\":\"Home\",\"item\":\"https:\/\/pemichangan.org\/fr\/\"},{\"@type\":\"ListItem\",\"position\":2,\"name\":\"\u00c0 propos\"}]},{\"@type\":\"WebSite\",\"@id\":\"https:\/\/pemichangan.org\/fr\/#website\",\"url\":\"https:\/\/pemichangan.org\/fr\/\",\"name\":\"Lac Pemichangan\",\"description\":\"Outaouais, Qu\u00e9bec\",\"publisher\":{\"@id\":\"https:\/\/pemichangan.org\/fr\/#organization\"},\"potentialAction\":[{\"@type\":\"SearchAction\",\"target\":{\"@type\":\"EntryPoint\",\"urlTemplate\":\"https:\/\/pemichangan.org\/fr\/?s={search_term_string}\"},\"query-input\":{\"@type\":\"PropertyValueSpecification\",\"valueRequired\":true,\"valueName\":\"search_term_string\"}}],\"inLanguage\":\"fr-FR\"},{\"@type\":\"Organization\",\"@id\":\"https:\/\/pemichangan.org\/fr\/#organization\",\"name\":\"Friends of Lake Pemichangan\",\"url\":\"https:\/\/pemichangan.org\/fr\/\",\"logo\":{\"@type\":\"ImageObject\",\"inLanguage\":\"fr-FR\",\"@id\":\"https:\/\/pemichangan.org\/fr\/#\/schema\/logo\/image\/\",\"url\":\"https:\/\/pemichangan.org\/wp-content\/uploads\/2019\/07\/pemichangan-logo-noir.png\",\"contentUrl\":\"https:\/\/pemichangan.org\/wp-content\/uploads\/2019\/07\/pemichangan-logo-noir.png\",\"width\":250,\"height\":41,\"caption\":\"Friends of Lake Pemichangan\"},\"image\":{\"@id\":\"https:\/\/pemichangan.org\/fr\/#\/schema\/logo\/image\/\"},\"sameAs\":[\"https:\/\/www.facebook.com\/lac.pemichangan\/\"]}]}<\/script>\n<!-- \/ Yoast SEO Premium plugin. -->","yoast_head_json":{"title":"\u00c0 propos | Lac Pemichangan","robots":{"index":"index","follow":"follow","max-snippet":"max-snippet:-1","max-image-preview":"max-image-preview:large","max-video-preview":"max-video-preview:-1"},"canonical":"https:\/\/pemichangan.org\/fr\/a-propos\/","og_locale":"fr_FR","og_type":"article","og_title":"\u00c0 propos","og_description":"\u00c0 propos G\u00e9rer et prot\u00e9ger le lac et son bassin versant.Les Amis du lac Pemichangan (ALP) est une association sans but lucratif dirig\u00e9 par un conseil d\u2019administration b\u00e9n\u00e9vole. Elle met de l\u2019avant des pratiques exemplaires et des actions durables \u00e0 l\u2019intention de tous les utilisateurs du lac Pemichangan et de son bassin versant. L\u2019ALP existe [&hellip;]","og_url":"https:\/\/pemichangan.org\/fr\/a-propos\/","og_site_name":"Lac Pemichangan","article_publisher":"https:\/\/www.facebook.com\/lac.pemichangan\/","article_modified_time":"2024-02-09T20:16:59+00:00","og_image":[{"url":"https:\/\/pemichangan.org\/wp-content\/uploads\/2019\/07\/logo-about-us.png","type":"","width":"","height":""}],"twitter_card":"summary_large_image","twitter_misc":{"Dur\u00e9e de lecture estim\u00e9e":"2 minutes"},"schema":{"@context":"https:\/\/schema.org","@graph":[{"@type":"WebPage","@id":"https:\/\/pemichangan.org\/fr\/a-propos\/","url":"https:\/\/pemichangan.org\/fr\/a-propos\/","name":"\u00c0 propos | Lac Pemichangan","isPartOf":{"@id":"https:\/\/pemichangan.org\/fr\/#website"},"primaryImageOfPage":{"@id":"https:\/\/pemichangan.org\/fr\/a-propos\/#primaryimage"},"image":{"@id":"https:\/\/pemichangan.org\/fr\/a-propos\/#primaryimage"},"thumbnailUrl":"https:\/\/pemichangan.org\/wp-content\/uploads\/2019\/07\/logo-about-us.png","datePublished":"2019-07-08T14:18:35+00:00","dateModified":"2024-02-09T20:16:59+00:00","breadcrumb":{"@id":"https:\/\/pemichangan.org\/fr\/a-propos\/#breadcrumb"},"inLanguage":"fr-FR","potentialAction":[{"@type":"ReadAction","target":["https:\/\/pemichangan.org\/fr\/a-propos\/"]}]},{"@type":"ImageObject","inLanguage":"fr-FR","@id":"https:\/\/pemichangan.org\/fr\/a-propos\/#primaryimage","url":"https:\/\/pemichangan.org\/wp-content\/uploads\/2019\/07\/logo-about-us.png","contentUrl":"https:\/\/pemichangan.org\/wp-content\/uploads\/2019\/07\/logo-about-us.png"},{"@type":"BreadcrumbList","@id":"https:\/\/pemichangan.org\/fr\/a-propos\/#breadcrumb","itemListElement":[{"@type":"ListItem","position":1,"name":"Home","item":"https:\/\/pemichangan.org\/fr\/"},{"@type":"ListItem","position":2,"name":"\u00c0 propos"}]},{"@type":"WebSite","@id":"https:\/\/pemichangan.org\/fr\/#website","url":"https:\/\/pemichangan.org\/fr\/","name":"Lac Pemichangan","description":"Outaouais, Qu\u00e9bec","publisher":{"@id":"https:\/\/pemichangan.org\/fr\/#organization"},"potentialAction":[{"@type":"SearchAction","target":{"@type":"EntryPoint","urlTemplate":"https:\/\/pemichangan.org\/fr\/?s={search_term_string}"},"query-input":{"@type":"PropertyValueSpecification","valueRequired":true,"valueName":"search_term_string"}}],"inLanguage":"fr-FR"},{"@type":"Organization","@id":"https:\/\/pemichangan.org\/fr\/#organization","name":"Friends of Lake Pemichangan","url":"https:\/\/pemichangan.org\/fr\/","logo":{"@type":"ImageObject","inLanguage":"fr-FR","@id":"https:\/\/pemichangan.org\/fr\/#\/schema\/logo\/image\/","url":"https:\/\/pemichangan.org\/wp-content\/uploads\/2019\/07\/pemichangan-logo-noir.png","contentUrl":"https:\/\/pemichangan.org\/wp-content\/uploads\/2019\/07\/pemichangan-logo-noir.png","width":250,"height":41,"caption":"Friends of Lake Pemichangan"},"image":{"@id":"https:\/\/pemichangan.org\/fr\/#\/schema\/logo\/image\/"},"sameAs":["https:\/\/www.facebook.com\/lac.pemichangan\/"]}]}},"_links":{"self":[{"href":"https:\/\/pemichangan.org\/fr\/wp-json\/wp\/v2\/pages\/1059","targetHints":{"allow":["GET"]}}],"collection":[{"href":"https:\/\/pemichangan.org\/fr\/wp-json\/wp\/v2\/pages"}],"about":[{"href":"https:\/\/pemichangan.org\/fr\/wp-json\/wp\/v2\/types\/page"}],"author":[{"embeddable":true,"href":"https:\/\/pemichangan.org\/fr\/wp-json\/wp\/v2\/users\/1"}],"replies":[{"embeddable":true,"href":"https:\/\/pemichangan.org\/fr\/wp-json\/wp\/v2\/comments?post=1059"}],"version-history":[{"count":0,"href":"https:\/\/pemichangan.org\/fr\/wp-json\/wp\/v2\/pages\/1059\/revisions"}],"wp:attachment":[{"href":"https:\/\/pemichangan.org\/fr\/wp-json\/wp\/v2\/media?parent=1059"}],"curies":[{"name":"wp","href":"https:\/\/api.w.org\/{rel}","templated":true}]}}