{"id":1349,"date":"2019-10-23T12:43:45","date_gmt":"2019-10-23T16:43:45","guid":{"rendered":"https:\/\/pemichangan.org\/?page_id=1349"},"modified":"2022-07-26T14:50:19","modified_gmt":"2022-07-26T18:50:19","slug":"merci-abonnement","status":"publish","type":"page","link":"https:\/\/pemichangan.org\/fr\/merci-abonnement\/","title":{"rendered":"Merci pour votre abonnement"},"content":{"rendered":"\t\t<div data-elementor-type=\"wp-post\" data-elementor-id=\"1349\" class=\"elementor elementor-1349 elementor-916\" data-elementor-post-type=\"page\">\n\t\t\t\t\t\t<section class=\"elementor-section elementor-top-section elementor-element elementor-element-3f1501a elementor-section-stretched elementor-section-full_width elementor-section-height-min-height elementor-section-height-default elementor-section-items-middle\" data-id=\"3f1501a\" data-element_type=\"section\" data-e-type=\"section\" data-settings=\"{&quot;stretch_section&quot;:&quot;section-stretched&quot;,&quot;jet_parallax_layout_list&quot;:[{&quot;jet_parallax_layout_image&quot;:{&quot;url&quot;:&quot;&quot;,&quot;id&quot;:&quot;&quot;,&quot;size&quot;:&quot;&quot;},&quot;_id&quot;:&quot;e458a0a&quot;,&quot;jet_parallax_layout_image_tablet&quot;:{&quot;url&quot;:&quot;&quot;,&quot;id&quot;:&quot;&quot;,&quot;size&quot;:&quot;&quot;},&quot;jet_parallax_layout_image_mobile&quot;:{&quot;url&quot;:&quot;&quot;,&quot;id&quot;:&quot;&quot;,&quot;size&quot;:&quot;&quot;},&quot;jet_parallax_layout_speed&quot;:{&quot;unit&quot;:&quot;%&quot;,&quot;size&quot;:50,&quot;sizes&quot;:[]},&quot;jet_parallax_layout_type&quot;:&quot;scroll&quot;,&quot;jet_parallax_layout_direction&quot;:&quot;1&quot;,&quot;jet_parallax_layout_fx_direction&quot;:null,&quot;jet_parallax_layout_z_index&quot;:&quot;&quot;,&quot;jet_parallax_layout_bg_x&quot;:50,&quot;jet_parallax_layout_bg_x_tablet&quot;:&quot;&quot;,&quot;jet_parallax_layout_bg_x_mobile&quot;:&quot;&quot;,&quot;jet_parallax_layout_bg_y&quot;:50,&quot;jet_parallax_layout_bg_y_tablet&quot;:&quot;&quot;,&quot;jet_parallax_layout_bg_y_mobile&quot;:&quot;&quot;,&quot;jet_parallax_layout_bg_size&quot;:&quot;auto&quot;,&quot;jet_parallax_layout_bg_size_tablet&quot;:&quot;&quot;,&quot;jet_parallax_layout_bg_size_mobile&quot;:&quot;&quot;,&quot;jet_parallax_layout_animation_prop&quot;:&quot;transform&quot;,&quot;jet_parallax_layout_on&quot;:[&quot;desktop&quot;,&quot;tablet&quot;]}],&quot;background_background&quot;:&quot;classic&quot;}\">\n\t\t\t\t\t\t<div class=\"elementor-container elementor-column-gap-default\">\n\t\t\t\t\t<div class=\"elementor-column elementor-col-100 elementor-top-column elementor-element elementor-element-3b273df2\" data-id=\"3b273df2\" data-element_type=\"column\" data-e-type=\"column\">\n\t\t\t<div class=\"elementor-widget-wrap elementor-element-populated\">\n\t\t\t\t\t\t<div class=\"elementor-element elementor-element-2f129df9 elementor-widget elementor-widget-text-editor\" data-id=\"2f129df9\" data-element_type=\"widget\" data-e-type=\"widget\" data-widget_type=\"text-editor.default\">\n\t\t\t\t<div class=\"elementor-widget-container\">\n\t\t\t\t\t\t\t\t\t<h1>Merci<\/h1>\t\t\t\t\t\t\t\t<\/div>\n\t\t\t\t<\/div>\n\t\t\t\t<div class=\"elementor-element elementor-element-5084c038 elementor-widget elementor-widget-html\" data-id=\"5084c038\" data-element_type=\"widget\" data-e-type=\"widget\" data-widget_type=\"html.default\">\n\t\t\t\t<div class=\"elementor-widget-container\">\n\t\t\t\t\t<div class=\"img-entre-lignes-banner\">\r\n<hr>\r\n<img decoding=\"async\" src=\"\/wp-content\/uploads\/2019\/07\/Icon-thank-you.png\">\r\n<hr>\r\n<\/div>\t\t\t\t<\/div>\n\t\t\t\t<\/div>\n\t\t\t\t\t<\/div>\n\t\t<\/div>\n\t\t\t\t\t<\/div>\n\t\t<\/section>\n\t\t\t\t<section class=\"elementor-section elementor-top-section elementor-element elementor-element-5af59f0d elementor-section-stretched elementor-section-boxed elementor-section-height-default elementor-section-height-default\" data-id=\"5af59f0d\" data-element_type=\"section\" data-e-type=\"section\" data-settings=\"{&quot;stretch_section&quot;:&quot;section-stretched&quot;,&quot;jet_parallax_layout_list&quot;:[{&quot;jet_parallax_layout_image&quot;:{&quot;url&quot;:&quot;&quot;,&quot;id&quot;:&quot;&quot;,&quot;size&quot;:&quot;&quot;},&quot;_id&quot;:&quot;942c4ae&quot;,&quot;jet_parallax_layout_image_tablet&quot;:{&quot;url&quot;:&quot;&quot;,&quot;id&quot;:&quot;&quot;,&quot;size&quot;:&quot;&quot;},&quot;jet_parallax_layout_image_mobile&quot;:{&quot;url&quot;:&quot;&quot;,&quot;id&quot;:&quot;&quot;,&quot;size&quot;:&quot;&quot;},&quot;jet_parallax_layout_speed&quot;:{&quot;unit&quot;:&quot;%&quot;,&quot;size&quot;:50,&quot;sizes&quot;:[]},&quot;jet_parallax_layout_type&quot;:&quot;scroll&quot;,&quot;jet_parallax_layout_direction&quot;:&quot;1&quot;,&quot;jet_parallax_layout_fx_direction&quot;:null,&quot;jet_parallax_layout_z_index&quot;:&quot;&quot;,&quot;jet_parallax_layout_bg_x&quot;:50,&quot;jet_parallax_layout_bg_x_tablet&quot;:&quot;&quot;,&quot;jet_parallax_layout_bg_x_mobile&quot;:&quot;&quot;,&quot;jet_parallax_layout_bg_y&quot;:50,&quot;jet_parallax_layout_bg_y_tablet&quot;:&quot;&quot;,&quot;jet_parallax_layout_bg_y_mobile&quot;:&quot;&quot;,&quot;jet_parallax_layout_bg_size&quot;:&quot;auto&quot;,&quot;jet_parallax_layout_bg_size_tablet&quot;:&quot;&quot;,&quot;jet_parallax_layout_bg_size_mobile&quot;:&quot;&quot;,&quot;jet_parallax_layout_animation_prop&quot;:&quot;transform&quot;,&quot;jet_parallax_layout_on&quot;:[&quot;desktop&quot;,&quot;tablet&quot;]}],&quot;background_background&quot;:&quot;classic&quot;}\">\n\t\t\t\t\t\t<div class=\"elementor-container elementor-column-gap-default\">\n\t\t\t\t\t<div class=\"elementor-column elementor-col-100 elementor-top-column elementor-element elementor-element-404f0183\" data-id=\"404f0183\" data-element_type=\"column\" data-e-type=\"column\">\n\t\t\t<div class=\"elementor-widget-wrap elementor-element-populated\">\n\t\t\t\t\t\t<div class=\"elementor-element elementor-element-42580ea8 no-margin-bt elementor-widget elementor-widget-text-editor\" data-id=\"42580ea8\" data-element_type=\"widget\" data-e-type=\"widget\" data-widget_type=\"text-editor.default\">\n\t\t\t\t<div class=\"elementor-widget-container\">\n\t\t\t\t\t\t\t\t\t<p><strong>Merci pour votre abonnement !<\/strong><\/p>\t\t\t\t\t\t\t\t<\/div>\n\t\t\t\t<\/div>\n\t\t\t\t<div class=\"elementor-element elementor-element-589f9564 width-txt-about-us elementor-widget elementor-widget-text-editor\" data-id=\"589f9564\" data-element_type=\"widget\" data-e-type=\"widget\" data-widget_type=\"text-editor.default\">\n\t\t\t\t<div class=\"elementor-widget-container\">\n\t\t\t\t\t\t\t\t\t<p>Votre abonnement sera renouvel\u00e9 \u00e0 chaque ann\u00e9e automatiquement.<\/p>\t\t\t\t\t\t\t\t<\/div>\n\t\t\t\t<\/div>\n\t\t\t\t\t<\/div>\n\t\t<\/div>\n\t\t\t\t\t<\/div>\n\t\t<\/section>\n\t\t\t\t<section class=\"elementor-section elementor-top-section elementor-element elementor-element-4605a74a elementor-section-stretched elementor-section-height-min-height elementor-section-boxed elementor-section-height-default elementor-section-items-middle\" data-id=\"4605a74a\" data-element_type=\"section\" data-e-type=\"section\" data-settings=\"{&quot;stretch_section&quot;:&quot;section-stretched&quot;,&quot;jet_parallax_layout_list&quot;:[{&quot;jet_parallax_layout_image&quot;:{&quot;url&quot;:&quot;&quot;,&quot;id&quot;:&quot;&quot;,&quot;size&quot;:&quot;&quot;},&quot;_id&quot;:&quot;7d74af3&quot;,&quot;jet_parallax_layout_image_tablet&quot;:{&quot;url&quot;:&quot;&quot;,&quot;id&quot;:&quot;&quot;,&quot;size&quot;:&quot;&quot;},&quot;jet_parallax_layout_image_mobile&quot;:{&quot;url&quot;:&quot;&quot;,&quot;id&quot;:&quot;&quot;,&quot;size&quot;:&quot;&quot;},&quot;jet_parallax_layout_speed&quot;:{&quot;unit&quot;:&quot;%&quot;,&quot;size&quot;:50,&quot;sizes&quot;:[]},&quot;jet_parallax_layout_type&quot;:&quot;scroll&quot;,&quot;jet_parallax_layout_direction&quot;:&quot;1&quot;,&quot;jet_parallax_layout_fx_direction&quot;:null,&quot;jet_parallax_layout_z_index&quot;:&quot;&quot;,&quot;jet_parallax_layout_bg_x&quot;:50,&quot;jet_parallax_layout_bg_x_tablet&quot;:&quot;&quot;,&quot;jet_parallax_layout_bg_x_mobile&quot;:&quot;&quot;,&quot;jet_parallax_layout_bg_y&quot;:50,&quot;jet_parallax_layout_bg_y_tablet&quot;:&quot;&quot;,&quot;jet_parallax_layout_bg_y_mobile&quot;:&quot;&quot;,&quot;jet_parallax_layout_bg_size&quot;:&quot;auto&quot;,&quot;jet_parallax_layout_bg_size_tablet&quot;:&quot;&quot;,&quot;jet_parallax_layout_bg_size_mobile&quot;:&quot;&quot;,&quot;jet_parallax_layout_animation_prop&quot;:&quot;transform&quot;,&quot;jet_parallax_layout_on&quot;:[&quot;desktop&quot;,&quot;tablet&quot;]}],&quot;background_background&quot;:&quot;classic&quot;}\">\n\t\t\t\t\t\t<div class=\"elementor-container elementor-column-gap-default\">\n\t\t\t\t\t<div class=\"elementor-column elementor-col-100 elementor-top-column elementor-element elementor-element-33e4f030\" data-id=\"33e4f030\" data-element_type=\"column\" data-e-type=\"column\" data-settings=\"{&quot;background_background&quot;:&quot;classic&quot;}\">\n\t\t\t<div class=\"elementor-widget-wrap elementor-element-populated\">\n\t\t\t\t\t\t<div class=\"elementor-element elementor-element-6abfc538 elementor-widget elementor-widget-text-editor\" data-id=\"6abfc538\" data-element_type=\"widget\" data-e-type=\"widget\" data-widget_type=\"text-editor.default\">\n\t\t\t\t<div class=\"elementor-widget-container\">\n\t\t\t\t\t\t\t\t\t<h2>Voulez-vous faire un don?<\/h2>\t\t\t\t\t\t\t\t<\/div>\n\t\t\t\t<\/div>\n\t\t\t\t<div class=\"elementor-element elementor-element-6af80507 elementor-widget elementor-widget-image\" data-id=\"6af80507\" data-element_type=\"widget\" data-e-type=\"widget\" data-widget_type=\"image.default\">\n\t\t\t\t<div class=\"elementor-widget-container\">\n\t\t\t\t\t\t\t\t\t\t\t\t\t\t\t<img decoding=\"async\" src=\"https:\/\/pemichangan.org\/wp-content\/uploads\/elementor\/thumbs\/cta-member-pyrz7m5pd8khu40huqtjuc0x8ku0ioi1yr8vbqh568.png\" title=\"cta-member\" alt=\"cta-member\" loading=\"lazy\" \/>\t\t\t\t\t\t\t\t\t\t\t\t\t\t\t<\/div>\n\t\t\t\t<\/div>\n\t\t\t\t<div class=\"elementor-element elementor-element-440828b elementor-align-center elementor-widget elementor-widget-button\" data-id=\"440828b\" data-element_type=\"widget\" data-e-type=\"widget\" data-widget_type=\"button.default\">\n\t\t\t\t<div class=\"elementor-widget-container\">\n\t\t\t\t\t\t\t\t\t<div class=\"elementor-button-wrapper\">\n\t\t\t\t\t<a class=\"elementor-button elementor-button-link elementor-size-sm\" href=\"https:\/\/pemichangan.org\/fr\/#donate\">\n\t\t\t\t\t\t<span class=\"elementor-button-content-wrapper\">\n\t\t\t\t\t\t\t\t\t<span class=\"elementor-button-text\">Faire un don<\/span>\n\t\t\t\t\t<\/span>\n\t\t\t\t\t<\/a>\n\t\t\t\t<\/div>\n\t\t\t\t\t\t\t\t<\/div>\n\t\t\t\t<\/div>\n\t\t\t\t\t<\/div>\n\t\t<\/div>\n\t\t\t\t\t<\/div>\n\t\t<\/section>\n\t\t\t\t<\/div>\n\t\t","protected":false},"excerpt":{"rendered":"<p>Merci Merci pour votre abonnement ! Votre abonnement sera renouvel\u00e9 \u00e0 chaque ann\u00e9e automatiquement. Voulez-vous faire un don? Faire un don<\/p>\n","protected":false},"author":1,"featured_media":0,"parent":0,"menu_order":0,"comment_status":"closed","ping_status":"closed","template":"","meta":{"_acf_changed":false,"footnotes":""},"class_list":["post-1349","page","type-page","status-publish","hentry"],"acf":[],"yoast_head":"<!-- This site is optimized with the Yoast SEO Premium plugin v26.8 (Yoast SEO v27.3) - https:\/\/yoast.com\/product\/yoast-seo-premium-wordpress\/ -->\n<title>Merci pour votre abonnement | Lac Pemichangan<\/title>\n<meta name=\"robots\" content=\"index, follow, max-snippet:-1, max-image-preview:large, max-video-preview:-1\" \/>\n<link rel=\"canonical\" href=\"https:\/\/pemichangan.org\/fr\/merci-abonnement\/\" \/>\n<meta property=\"og:locale\" content=\"fr_FR\" \/>\n<meta property=\"og:type\" content=\"article\" \/>\n<meta property=\"og:title\" content=\"Merci pour votre abonnement\" \/>\n<meta property=\"og:description\" content=\"Merci Merci pour votre abonnement ! Votre abonnement sera renouvel\u00e9 \u00e0 chaque ann\u00e9e automatiquement. Voulez-vous faire un don? Faire un don\" \/>\n<meta property=\"og:url\" content=\"https:\/\/pemichangan.org\/fr\/merci-abonnement\/\" \/>\n<meta property=\"og:site_name\" content=\"Lac Pemichangan\" \/>\n<meta property=\"article:publisher\" content=\"https:\/\/www.facebook.com\/lac.pemichangan\/\" \/>\n<meta property=\"article:modified_time\" content=\"2022-07-26T18:50:19+00:00\" \/>\n<meta property=\"og:image\" content=\"https:\/\/pemichangan.org\/wp-content\/uploads\/elementor\/thumbs\/cta-member-pryaj754mdg7ps06dgdmi37d3le5ja5n7exh7rt5yy.png\" \/>\n<meta name=\"twitter:card\" content=\"summary_large_image\" \/>\n<script type=\"application\/ld+json\" class=\"yoast-schema-graph\">{\"@context\":\"https:\\\/\\\/schema.org\",\"@graph\":[{\"@type\":\"WebPage\",\"@id\":\"https:\\\/\\\/pemichangan.org\\\/fr\\\/merci-abonnement\\\/\",\"url\":\"https:\\\/\\\/pemichangan.org\\\/fr\\\/merci-abonnement\\\/\",\"name\":\"Merci pour votre abonnement | Lac Pemichangan\",\"isPartOf\":{\"@id\":\"https:\\\/\\\/pemichangan.org\\\/fr\\\/#website\"},\"primaryImageOfPage\":{\"@id\":\"https:\\\/\\\/pemichangan.org\\\/fr\\\/merci-abonnement\\\/#primaryimage\"},\"image\":{\"@id\":\"https:\\\/\\\/pemichangan.org\\\/fr\\\/merci-abonnement\\\/#primaryimage\"},\"thumbnailUrl\":\"https:\\\/\\\/pemichangan.org\\\/wp-content\\\/uploads\\\/elementor\\\/thumbs\\\/cta-member-pryaj754mdg7ps06dgdmi37d3le5ja5n7exh7rt5yy.png\",\"datePublished\":\"2019-10-23T16:43:45+00:00\",\"dateModified\":\"2022-07-26T18:50:19+00:00\",\"breadcrumb\":{\"@id\":\"https:\\\/\\\/pemichangan.org\\\/fr\\\/merci-abonnement\\\/#breadcrumb\"},\"inLanguage\":\"fr-FR\",\"potentialAction\":[{\"@type\":\"ReadAction\",\"target\":[\"https:\\\/\\\/pemichangan.org\\\/fr\\\/merci-abonnement\\\/\"]}]},{\"@type\":\"ImageObject\",\"inLanguage\":\"fr-FR\",\"@id\":\"https:\\\/\\\/pemichangan.org\\\/fr\\\/merci-abonnement\\\/#primaryimage\",\"url\":\"https:\\\/\\\/pemichangan.org\\\/wp-content\\\/uploads\\\/elementor\\\/thumbs\\\/cta-member-pryaj754mdg7ps06dgdmi37d3le5ja5n7exh7rt5yy.png\",\"contentUrl\":\"https:\\\/\\\/pemichangan.org\\\/wp-content\\\/uploads\\\/elementor\\\/thumbs\\\/cta-member-pryaj754mdg7ps06dgdmi37d3le5ja5n7exh7rt5yy.png\"},{\"@type\":\"BreadcrumbList\",\"@id\":\"https:\\\/\\\/pemichangan.org\\\/fr\\\/merci-abonnement\\\/#breadcrumb\",\"itemListElement\":[{\"@type\":\"ListItem\",\"position\":1,\"name\":\"Home\",\"item\":\"https:\\\/\\\/pemichangan.org\\\/fr\\\/\"},{\"@type\":\"ListItem\",\"position\":2,\"name\":\"Merci pour votre abonnement\"}]},{\"@type\":\"WebSite\",\"@id\":\"https:\\\/\\\/pemichangan.org\\\/fr\\\/#website\",\"url\":\"https:\\\/\\\/pemichangan.org\\\/fr\\\/\",\"name\":\"Lac Pemichangan\",\"description\":\"Outaouais, Qu\u00e9bec\",\"publisher\":{\"@id\":\"https:\\\/\\\/pemichangan.org\\\/fr\\\/#organization\"},\"potentialAction\":[{\"@type\":\"SearchAction\",\"target\":{\"@type\":\"EntryPoint\",\"urlTemplate\":\"https:\\\/\\\/pemichangan.org\\\/fr\\\/?s={search_term_string}\"},\"query-input\":{\"@type\":\"PropertyValueSpecification\",\"valueRequired\":true,\"valueName\":\"search_term_string\"}}],\"inLanguage\":\"fr-FR\"},{\"@type\":\"Organization\",\"@id\":\"https:\\\/\\\/pemichangan.org\\\/fr\\\/#organization\",\"name\":\"Friends of Lake Pemichangan\",\"url\":\"https:\\\/\\\/pemichangan.org\\\/fr\\\/\",\"logo\":{\"@type\":\"ImageObject\",\"inLanguage\":\"fr-FR\",\"@id\":\"https:\\\/\\\/pemichangan.org\\\/fr\\\/#\\\/schema\\\/logo\\\/image\\\/\",\"url\":\"https:\\\/\\\/pemichangan.org\\\/wp-content\\\/uploads\\\/2019\\\/07\\\/pemichangan-logo-noir.png\",\"contentUrl\":\"https:\\\/\\\/pemichangan.org\\\/wp-content\\\/uploads\\\/2019\\\/07\\\/pemichangan-logo-noir.png\",\"width\":250,\"height\":41,\"caption\":\"Friends of Lake Pemichangan\"},\"image\":{\"@id\":\"https:\\\/\\\/pemichangan.org\\\/fr\\\/#\\\/schema\\\/logo\\\/image\\\/\"},\"sameAs\":[\"https:\\\/\\\/www.facebook.com\\\/lac.pemichangan\\\/\"]}]}<\/script>\n<!-- \/ Yoast SEO Premium plugin. -->","yoast_head_json":{"title":"Merci pour votre abonnement | Lac Pemichangan","robots":{"index":"index","follow":"follow","max-snippet":"max-snippet:-1","max-image-preview":"max-image-preview:large","max-video-preview":"max-video-preview:-1"},"canonical":"https:\/\/pemichangan.org\/fr\/merci-abonnement\/","og_locale":"fr_FR","og_type":"article","og_title":"Merci pour votre abonnement","og_description":"Merci Merci pour votre abonnement ! Votre abonnement sera renouvel\u00e9 \u00e0 chaque ann\u00e9e automatiquement. Voulez-vous faire un don? Faire un don","og_url":"https:\/\/pemichangan.org\/fr\/merci-abonnement\/","og_site_name":"Lac Pemichangan","article_publisher":"https:\/\/www.facebook.com\/lac.pemichangan\/","article_modified_time":"2022-07-26T18:50:19+00:00","og_image":[{"url":"https:\/\/pemichangan.org\/wp-content\/uploads\/elementor\/thumbs\/cta-member-pryaj754mdg7ps06dgdmi37d3le5ja5n7exh7rt5yy.png","type":"","width":"","height":""}],"twitter_card":"summary_large_image","schema":{"@context":"https:\/\/schema.org","@graph":[{"@type":"WebPage","@id":"https:\/\/pemichangan.org\/fr\/merci-abonnement\/","url":"https:\/\/pemichangan.org\/fr\/merci-abonnement\/","name":"Merci pour votre abonnement | Lac Pemichangan","isPartOf":{"@id":"https:\/\/pemichangan.org\/fr\/#website"},"primaryImageOfPage":{"@id":"https:\/\/pemichangan.org\/fr\/merci-abonnement\/#primaryimage"},"image":{"@id":"https:\/\/pemichangan.org\/fr\/merci-abonnement\/#primaryimage"},"thumbnailUrl":"https:\/\/pemichangan.org\/wp-content\/uploads\/elementor\/thumbs\/cta-member-pryaj754mdg7ps06dgdmi37d3le5ja5n7exh7rt5yy.png","datePublished":"2019-10-23T16:43:45+00:00","dateModified":"2022-07-26T18:50:19+00:00","breadcrumb":{"@id":"https:\/\/pemichangan.org\/fr\/merci-abonnement\/#breadcrumb"},"inLanguage":"fr-FR","potentialAction":[{"@type":"ReadAction","target":["https:\/\/pemichangan.org\/fr\/merci-abonnement\/"]}]},{"@type":"ImageObject","inLanguage":"fr-FR","@id":"https:\/\/pemichangan.org\/fr\/merci-abonnement\/#primaryimage","url":"https:\/\/pemichangan.org\/wp-content\/uploads\/elementor\/thumbs\/cta-member-pryaj754mdg7ps06dgdmi37d3le5ja5n7exh7rt5yy.png","contentUrl":"https:\/\/pemichangan.org\/wp-content\/uploads\/elementor\/thumbs\/cta-member-pryaj754mdg7ps06dgdmi37d3le5ja5n7exh7rt5yy.png"},{"@type":"BreadcrumbList","@id":"https:\/\/pemichangan.org\/fr\/merci-abonnement\/#breadcrumb","itemListElement":[{"@type":"ListItem","position":1,"name":"Home","item":"https:\/\/pemichangan.org\/fr\/"},{"@type":"ListItem","position":2,"name":"Merci pour votre abonnement"}]},{"@type":"WebSite","@id":"https:\/\/pemichangan.org\/fr\/#website","url":"https:\/\/pemichangan.org\/fr\/","name":"Lac Pemichangan","description":"Outaouais, Qu\u00e9bec","publisher":{"@id":"https:\/\/pemichangan.org\/fr\/#organization"},"potentialAction":[{"@type":"SearchAction","target":{"@type":"EntryPoint","urlTemplate":"https:\/\/pemichangan.org\/fr\/?s={search_term_string}"},"query-input":{"@type":"PropertyValueSpecification","valueRequired":true,"valueName":"search_term_string"}}],"inLanguage":"fr-FR"},{"@type":"Organization","@id":"https:\/\/pemichangan.org\/fr\/#organization","name":"Friends of Lake Pemichangan","url":"https:\/\/pemichangan.org\/fr\/","logo":{"@type":"ImageObject","inLanguage":"fr-FR","@id":"https:\/\/pemichangan.org\/fr\/#\/schema\/logo\/image\/","url":"https:\/\/pemichangan.org\/wp-content\/uploads\/2019\/07\/pemichangan-logo-noir.png","contentUrl":"https:\/\/pemichangan.org\/wp-content\/uploads\/2019\/07\/pemichangan-logo-noir.png","width":250,"height":41,"caption":"Friends of Lake Pemichangan"},"image":{"@id":"https:\/\/pemichangan.org\/fr\/#\/schema\/logo\/image\/"},"sameAs":["https:\/\/www.facebook.com\/lac.pemichangan\/"]}]}},"_links":{"self":[{"href":"https:\/\/pemichangan.org\/fr\/wp-json\/wp\/v2\/pages\/1349","targetHints":{"allow":["GET"]}}],"collection":[{"href":"https:\/\/pemichangan.org\/fr\/wp-json\/wp\/v2\/pages"}],"about":[{"href":"https:\/\/pemichangan.org\/fr\/wp-json\/wp\/v2\/types\/page"}],"author":[{"embeddable":true,"href":"https:\/\/pemichangan.org\/fr\/wp-json\/wp\/v2\/users\/1"}],"replies":[{"embeddable":true,"href":"https:\/\/pemichangan.org\/fr\/wp-json\/wp\/v2\/comments?post=1349"}],"version-history":[{"count":0,"href":"https:\/\/pemichangan.org\/fr\/wp-json\/wp\/v2\/pages\/1349\/revisions"}],"wp:attachment":[{"href":"https:\/\/pemichangan.org\/fr\/wp-json\/wp\/v2\/media?parent=1349"}],"curies":[{"name":"wp","href":"https:\/\/api.w.org\/{rel}","templated":true}]}}